{"id":82,"date":"2017-01-02T15:12:22","date_gmt":"2017-01-02T13:12:22","guid":{"rendered":"https:\/\/jukademo.wordpress.com\/?page_id=82"},"modified":"2020-03-11T18:03:58","modified_gmt":"2020-03-11T16:03:58","slug":"herbstkonzert","status":"publish","type":"page","link":"https:\/\/jugendkapelle-grossenseebach.de\/?page_id=82","title":{"rendered":"Herbstkonzert"},"content":{"rendered":"<p style=\"text-align: justify;\"><img loading=\"lazy\" decoding=\"async\" class=\"aligncenter wp-image-125 size-medium\" src=\"http:\/\/jugendkapelle-grossenseebach.de\/wp-content\/uploads\/2017\/01\/red-maple-leaf-507545-300x200.jpg\" alt=\"\" width=\"300\" height=\"200\" srcset=\"https:\/\/jugendkapelle-grossenseebach.de\/wp-content\/uploads\/2017\/01\/red-maple-leaf-507545-300x200.jpg 300w, https:\/\/jugendkapelle-grossenseebach.de\/wp-content\/uploads\/2017\/01\/red-maple-leaf-507545-768x512.jpg 768w, https:\/\/jugendkapelle-grossenseebach.de\/wp-content\/uploads\/2017\/01\/red-maple-leaf-507545-1024x683.jpg 1024w, https:\/\/jugendkapelle-grossenseebach.de\/wp-content\/uploads\/2017\/01\/red-maple-leaf-507545.jpg 1920w\" sizes=\"(max-width: 300px) 100vw, 300px\" \/><\/p>\n<p style=\"text-align: justify;\">Seit dem Jahr 1989 veranstaltet die Jugendkapelle ein Herbstkonzert.<\/p>\n<p style=\"text-align: justify;\">Unter Dirigent Cornelius Liebster, der von 1999 bis 2008 t\u00e4tig war, ver\u00e4nderte sich der Charakter des Konzertes. Das Herbstkonzert wurde jedes Jahr unter ein bestimmtes Motto gestellt &#8211; mit Musikst\u00fccken aus den verschiedensten Stilrichtungen von Klassik bis moderner Popmusik.<\/p>\n<p style=\"text-align: justify;\">Seit dem Jahr 2001 werden zwei Herbstkonzerte aufgef\u00fchrt, eine Abendvorstellung am Samstag und eine Familienvorstellung am Sonntag. Das \u201edoppelte\u201c Herbstkonzert stellt den Abschluss und H\u00f6hepunkt der Kulturreihe\u00a0 \u201eGro\u00dfenseebacher Herbst\u201c dar und macht allj\u00e4hrlich nicht nur musikalisch, sondern auch aufgrund der Hallendekoration und weiteren Umrahmung von sich reden. Ein besonderes Highlight war das 25. Herbstkonzert mit dem Titel &#8222;Silver Edition&#8220; mit einem Jubil\u00e4umsr\u00fcckblick auf 25 Jahre Herbstkonzert und einem musikalischen Streifzug mit den tollen St\u00fccken aus den Konzertjahren 1989 bis 2014.<\/p>\n<h6>Seit dem Jahr 1999 gab es die folgenden Mottos:<\/h6>\n<p style=\"padding-left: 60px;\">1999: Das Beste aus 10 Jahren<br \/>\n2000: Filmmusik<br \/>\n2001: Musical und Oper<br \/>\n2002: Radio\u2019s greatest Hits<br \/>\n2003: The Magic of Disney<br \/>\n2004: Music from Europe<br \/>\n2005: Ohne Krimi geht die Mimi nie ins Bett<br \/>\n2006: Vier Elemente \u2013 Die Welt in unseren H\u00e4nden<br \/>\n2007: Let\u2019s Dance<br \/>\n2008: Liebsters Lieblinge<br \/>\n2009: America!<br \/>\n2010: Hinter&#8217;m Mond gleich links<br \/>\n2011: Mit Mantel, Schwert und Zauberstab<br \/>\n2012: Lost in time &#8211; Wer hat an der Uhr gedreht?<br \/>\n2013: Reif f\u00fcr die Insel<br \/>\n2014: 25 Jahre &#8211; Silver Edition<br \/>\n2015: Wasser Marsch!<br \/>\n2016: High high up to the sky<br \/>\n2017: Auf Expedition<br \/>\n2018: Jubil\u00e4umskonzert 40 Jahre Jugendkapelle<br \/>\n2019: Abenteuer Zoo<\/p>\n","protected":false},"excerpt":{"rendered":"<p>Seit dem Jahr 1989 veranstaltet die Jugendkapelle ein Herbstkonzert. Unter Dirigent Cornelius Liebster, der von 1999 bis 2008 t\u00e4tig war, ver\u00e4nderte sich der Charakter des Konzertes. Das&hellip; <span class=\"read-more\"><a class=\"more-link\" href=\"https:\/\/jugendkapelle-grossenseebach.de\/?page_id=82\" rel=\"bookmark\"><span class=\"screen-reader-text\">&#8222;Herbstkonzert&#8220;<\/span> weiterlesen<\/a><\/span><\/p>\n","protected":false},"author":2,"featured_media":0,"parent":0,"menu_order":0,"comment_status":"closed","ping_status":"closed","template":"","meta":{"footnotes":""},"class_list":["post-82","page","type-page","status-publish","hentry"],"jetpack_sharing_enabled":false,"_links":{"self":[{"href":"https:\/\/jugendkapelle-grossenseebach.de\/index.php?rest_route=\/wp\/v2\/pages\/82"}],"collection":[{"href":"https:\/\/jugendkapelle-grossenseebach.de\/index.php?rest_route=\/wp\/v2\/pages"}],"about":[{"href":"https:\/\/jugendkapelle-grossenseebach.de\/index.php?rest_route=\/wp\/v2\/types\/page"}],"author":[{"embeddable":true,"href":"https:\/\/jugendkapelle-grossenseebach.de\/index.php?rest_route=\/wp\/v2\/users\/2"}],"replies":[{"embeddable":true,"href":"https:\/\/jugendkapelle-grossenseebach.de\/index.php?rest_route=%2Fwp%2Fv2%2Fcomments&post=82"}],"version-history":[{"count":5,"href":"https:\/\/jugendkapelle-grossenseebach.de\/index.php?rest_route=\/wp\/v2\/pages\/82\/revisions"}],"predecessor-version":[{"id":794,"href":"https:\/\/jugendkapelle-grossenseebach.de\/index.php?rest_route=\/wp\/v2\/pages\/82\/revisions\/794"}],"wp:attachment":[{"href":"https:\/\/jugendkapelle-grossenseebach.de\/index.php?rest_route=%2Fwp%2Fv2%2Fmedia&parent=82"}],"curies":[{"name":"wp","href":"https:\/\/api.w.org\/{rel}","templated":true}]}}