{"id":80,"date":"2017-01-02T15:11:59","date_gmt":"2017-01-02T13:11:59","guid":{"rendered":"https:\/\/jukademo.wordpress.com\/?page_id=80"},"modified":"2017-09-05T19:41:26","modified_gmt":"2017-09-05T17:41:26","slug":"fruehjahrskonzert","status":"publish","type":"page","link":"https:\/\/jugendkapelle-grossenseebach.de\/?page_id=80","title":{"rendered":"Fr\u00fchjahrskonzert"},"content":{"rendered":"<p style=\"text-align: justify;\"><img loading=\"lazy\" decoding=\"async\" class=\"aligncenter wp-image-126 size-medium\" src=\"http:\/\/jugendkapelle-grossenseebach.de\/wp-content\/uploads\/2017\/01\/spring-739215-300x183.jpg\" alt=\"\" width=\"300\" height=\"183\" srcset=\"https:\/\/jugendkapelle-grossenseebach.de\/wp-content\/uploads\/2017\/01\/spring-739215-300x183.jpg 300w, https:\/\/jugendkapelle-grossenseebach.de\/wp-content\/uploads\/2017\/01\/spring-739215-768x468.jpg 768w, https:\/\/jugendkapelle-grossenseebach.de\/wp-content\/uploads\/2017\/01\/spring-739215-1024x624.jpg 1024w\" sizes=\"(max-width: 300px) 100vw, 300px\" \/><\/p>\n<p style=\"text-align: justify;\">Die Jugendkapelle veranstaltete bis zum Jahr 2003 ein Muttertagskonzert im Mai. Seit dem Jahr 2004 fand Anfang Juli ein Sommernachtskonzert an der Hubertuskapelle in Gro\u00dfenseebach statt. Die stimmungsvolle Umgebung zwischen Wald, Wiesen und Weihern gab dem abendlichen Freilichtkonzert eine ganz besondere Atmosph\u00e4re. Seit 2009 fand das Konzert dann auf dem Rondell am neuen Dorfplatz zwischen Mehrzweckhalle und Kirche statt.<\/p>\n<p style=\"text-align: justify;\">Seit dem Jahr 2015 findet das Fr\u00fchjahrskonzert in neuer Form statt. Gemeinsam mit der Gastst\u00e4tte im Winkel bietet die Jugendkapelle in der Mehrzweckhalle an einem Samstag Abend im Fr\u00fchjahr sowohl musikalische Leckerbissen als auch kulinarische Gaumenfreuden.<\/p>\n","protected":false},"excerpt":{"rendered":"<p>Die Jugendkapelle veranstaltete bis zum Jahr 2003 ein Muttertagskonzert im Mai. Seit dem Jahr 2004 fand Anfang Juli ein Sommernachtskonzert an der Hubertuskapelle in Gro\u00dfenseebach statt. Die&hellip; <span class=\"read-more\"><a class=\"more-link\" href=\"https:\/\/jugendkapelle-grossenseebach.de\/?page_id=80\" rel=\"bookmark\"><span class=\"screen-reader-text\">&#8222;Fr\u00fchjahrskonzert&#8220;<\/span> weiterlesen<\/a><\/span><\/p>\n","protected":false},"author":2,"featured_media":0,"parent":0,"menu_order":0,"comment_status":"closed","ping_status":"closed","template":"","meta":{"footnotes":""},"class_list":["post-80","page","type-page","status-publish","hentry"],"jetpack_sharing_enabled":false,"_links":{"self":[{"href":"https:\/\/jugendkapelle-grossenseebach.de\/index.php?rest_route=\/wp\/v2\/pages\/80"}],"collection":[{"href":"https:\/\/jugendkapelle-grossenseebach.de\/index.php?rest_route=\/wp\/v2\/pages"}],"about":[{"href":"https:\/\/jugendkapelle-grossenseebach.de\/index.php?rest_route=\/wp\/v2\/types\/page"}],"author":[{"embeddable":true,"href":"https:\/\/jugendkapelle-grossenseebach.de\/index.php?rest_route=\/wp\/v2\/users\/2"}],"replies":[{"embeddable":true,"href":"https:\/\/jugendkapelle-grossenseebach.de\/index.php?rest_route=%2Fwp%2Fv2%2Fcomments&post=80"}],"version-history":[{"count":3,"href":"https:\/\/jugendkapelle-grossenseebach.de\/index.php?rest_route=\/wp\/v2\/pages\/80\/revisions"}],"predecessor-version":[{"id":483,"href":"https:\/\/jugendkapelle-grossenseebach.de\/index.php?rest_route=\/wp\/v2\/pages\/80\/revisions\/483"}],"wp:attachment":[{"href":"https:\/\/jugendkapelle-grossenseebach.de\/index.php?rest_route=%2Fwp%2Fv2%2Fmedia&parent=80"}],"curies":[{"name":"wp","href":"https:\/\/api.w.org\/{rel}","templated":true}]}}