{"id":59,"date":"2017-01-02T15:05:38","date_gmt":"2017-01-02T13:05:38","guid":{"rendered":"https:\/\/jukademo.wordpress.com\/?page_id=59"},"modified":"2017-08-21T16:54:36","modified_gmt":"2017-08-21T14:54:36","slug":"ensembles","status":"publish","type":"page","link":"https:\/\/jugendkapelle-grossenseebach.de\/?page_id=59","title":{"rendered":"Saxophonensemble"},"content":{"rendered":"<h1 style=\"text-align: justify;\">Sax Selection<\/h1>\n<div>Unser Saxophonensemble umrahmt musikalisch sowohl private Feierlichkeiten, wie z.B. Hochzeit oder Taufe, als auch \u00f6ffentliche Anl\u00e4sse, wie z.B. Empf\u00e4nge oder Weihnachtsm\u00e4rkte. Unser Repertoire ist breit gef\u00e4chert von Klassik bis zur Moderne.<\/div>\n<div id='gallery-1' class='gallery galleryid-59 gallery-columns-3 gallery-size-thumbnail'><figure class='gallery-item'>\n\t\t\t<div class='gallery-icon portrait'>\n\t\t\t\t<a href='https:\/\/jugendkapelle-grossenseebach.de\/wp-content\/uploads\/2017\/01\/img_8896.jpg'><img loading=\"lazy\" decoding=\"async\" width=\"150\" height=\"150\" src=\"https:\/\/jugendkapelle-grossenseebach.de\/wp-content\/uploads\/2017\/01\/img_8896-150x150.jpg\" class=\"attachment-thumbnail size-thumbnail\" alt=\"\" srcset=\"https:\/\/jugendkapelle-grossenseebach.de\/wp-content\/uploads\/2017\/01\/img_8896-150x150.jpg 150w, https:\/\/jugendkapelle-grossenseebach.de\/wp-content\/uploads\/2017\/01\/img_8896-100x100.jpg 100w\" sizes=\"(max-width: 150px) 100vw, 150px\" \/><\/a>\n\t\t\t<\/div><\/figure><figure class='gallery-item'>\n\t\t\t<div class='gallery-icon landscape'>\n\t\t\t\t<a href='https:\/\/jugendkapelle-grossenseebach.de\/wp-content\/uploads\/2017\/01\/img_8978.jpg'><img loading=\"lazy\" decoding=\"async\" width=\"150\" height=\"150\" src=\"https:\/\/jugendkapelle-grossenseebach.de\/wp-content\/uploads\/2017\/01\/img_8978-150x150.jpg\" class=\"attachment-thumbnail size-thumbnail\" alt=\"\" srcset=\"https:\/\/jugendkapelle-grossenseebach.de\/wp-content\/uploads\/2017\/01\/img_8978-150x150.jpg 150w, https:\/\/jugendkapelle-grossenseebach.de\/wp-content\/uploads\/2017\/01\/img_8978-100x100.jpg 100w\" sizes=\"(max-width: 150px) 100vw, 150px\" \/><\/a>\n\t\t\t<\/div><\/figure><figure class='gallery-item'>\n\t\t\t<div class='gallery-icon landscape'>\n\t\t\t\t<a href='https:\/\/jugendkapelle-grossenseebach.de\/wp-content\/uploads\/2017\/01\/img_9912.jpg'><img loading=\"lazy\" decoding=\"async\" width=\"150\" height=\"150\" src=\"https:\/\/jugendkapelle-grossenseebach.de\/wp-content\/uploads\/2017\/01\/img_9912-150x150.jpg\" class=\"attachment-thumbnail size-thumbnail\" alt=\"\" srcset=\"https:\/\/jugendkapelle-grossenseebach.de\/wp-content\/uploads\/2017\/01\/img_9912-150x150.jpg 150w, https:\/\/jugendkapelle-grossenseebach.de\/wp-content\/uploads\/2017\/01\/img_9912-100x100.jpg 100w\" sizes=\"(max-width: 150px) 100vw, 150px\" \/><\/a>\n\t\t\t<\/div><\/figure><figure class='gallery-item'>\n\t\t\t<div class='gallery-icon portrait'>\n\t\t\t\t<a href='https:\/\/jugendkapelle-grossenseebach.de\/wp-content\/uploads\/2017\/01\/img_9959.jpg'><img loading=\"lazy\" decoding=\"async\" width=\"150\" height=\"150\" src=\"https:\/\/jugendkapelle-grossenseebach.de\/wp-content\/uploads\/2017\/01\/img_9959-150x150.jpg\" class=\"attachment-thumbnail size-thumbnail\" alt=\"\" srcset=\"https:\/\/jugendkapelle-grossenseebach.de\/wp-content\/uploads\/2017\/01\/img_9959-150x150.jpg 150w, https:\/\/jugendkapelle-grossenseebach.de\/wp-content\/uploads\/2017\/01\/img_9959-100x100.jpg 100w\" sizes=\"(max-width: 150px) 100vw, 150px\" \/><\/a>\n\t\t\t<\/div><\/figure><figure class='gallery-item'>\n\t\t\t<div class='gallery-icon landscape'>\n\t\t\t\t<a href='https:\/\/jugendkapelle-grossenseebach.de\/wp-content\/uploads\/2017\/01\/fh3a7260.jpg'><img loading=\"lazy\" decoding=\"async\" width=\"150\" height=\"150\" src=\"https:\/\/jugendkapelle-grossenseebach.de\/wp-content\/uploads\/2017\/01\/fh3a7260-150x150.jpg\" class=\"attachment-thumbnail size-thumbnail\" alt=\"\" srcset=\"https:\/\/jugendkapelle-grossenseebach.de\/wp-content\/uploads\/2017\/01\/fh3a7260-150x150.jpg 150w, https:\/\/jugendkapelle-grossenseebach.de\/wp-content\/uploads\/2017\/01\/fh3a7260-100x100.jpg 100w\" sizes=\"(max-width: 150px) 100vw, 150px\" \/><\/a>\n\t\t\t<\/div><\/figure><figure class='gallery-item'>\n\t\t\t<div class='gallery-icon landscape'>\n\t\t\t\t<a href='https:\/\/jugendkapelle-grossenseebach.de\/wp-content\/uploads\/2017\/01\/img_8971.jpg'><img loading=\"lazy\" decoding=\"async\" width=\"150\" height=\"150\" src=\"https:\/\/jugendkapelle-grossenseebach.de\/wp-content\/uploads\/2017\/01\/img_8971-150x150.jpg\" class=\"attachment-thumbnail size-thumbnail\" alt=\"\" srcset=\"https:\/\/jugendkapelle-grossenseebach.de\/wp-content\/uploads\/2017\/01\/img_8971-150x150.jpg 150w, https:\/\/jugendkapelle-grossenseebach.de\/wp-content\/uploads\/2017\/01\/img_8971-100x100.jpg 100w\" sizes=\"(max-width: 150px) 100vw, 150px\" \/><\/a>\n\t\t\t<\/div><\/figure><figure class='gallery-item'>\n\t\t\t<div class='gallery-icon landscape'>\n\t\t\t\t<a href='https:\/\/jugendkapelle-grossenseebach.de\/wp-content\/uploads\/2017\/01\/img_5498.jpg'><img loading=\"lazy\" decoding=\"async\" width=\"150\" height=\"150\" src=\"https:\/\/jugendkapelle-grossenseebach.de\/wp-content\/uploads\/2017\/01\/img_5498-150x150.jpg\" class=\"attachment-thumbnail size-thumbnail\" alt=\"\" srcset=\"https:\/\/jugendkapelle-grossenseebach.de\/wp-content\/uploads\/2017\/01\/img_5498-150x150.jpg 150w, https:\/\/jugendkapelle-grossenseebach.de\/wp-content\/uploads\/2017\/01\/img_5498-100x100.jpg 100w\" sizes=\"(max-width: 150px) 100vw, 150px\" \/><\/a>\n\t\t\t<\/div><\/figure>\n\t\t<\/div>\n\n<p>&nbsp;<\/p>\n","protected":false},"excerpt":{"rendered":"<p>Sax Selection Unser Saxophonensemble umrahmt musikalisch sowohl private Feierlichkeiten, wie z.B. Hochzeit oder Taufe, als auch \u00f6ffentliche Anl\u00e4sse, wie z.B. Empf\u00e4nge oder Weihnachtsm\u00e4rkte. Unser Repertoire ist breit&hellip; <span class=\"read-more\"><a class=\"more-link\" href=\"https:\/\/jugendkapelle-grossenseebach.de\/?page_id=59\" rel=\"bookmark\"><span class=\"screen-reader-text\">&#8222;Saxophonensemble&#8220;<\/span> weiterlesen<\/a><\/span><\/p>\n","protected":false},"author":2,"featured_media":0,"parent":0,"menu_order":0,"comment_status":"closed","ping_status":"closed","template":"","meta":{"footnotes":""},"class_list":["post-59","page","type-page","status-publish","hentry"],"jetpack_sharing_enabled":false,"_links":{"self":[{"href":"https:\/\/jugendkapelle-grossenseebach.de\/index.php?rest_route=\/wp\/v2\/pages\/59"}],"collection":[{"href":"https:\/\/jugendkapelle-grossenseebach.de\/index.php?rest_route=\/wp\/v2\/pages"}],"about":[{"href":"https:\/\/jugendkapelle-grossenseebach.de\/index.php?rest_route=\/wp\/v2\/types\/page"}],"author":[{"embeddable":true,"href":"https:\/\/jugendkapelle-grossenseebach.de\/index.php?rest_route=\/wp\/v2\/users\/2"}],"replies":[{"embeddable":true,"href":"https:\/\/jugendkapelle-grossenseebach.de\/index.php?rest_route=%2Fwp%2Fv2%2Fcomments&post=59"}],"version-history":[{"count":5,"href":"https:\/\/jugendkapelle-grossenseebach.de\/index.php?rest_route=\/wp\/v2\/pages\/59\/revisions"}],"predecessor-version":[{"id":467,"href":"https:\/\/jugendkapelle-grossenseebach.de\/index.php?rest_route=\/wp\/v2\/pages\/59\/revisions\/467"}],"wp:attachment":[{"href":"https:\/\/jugendkapelle-grossenseebach.de\/index.php?rest_route=%2Fwp%2Fv2%2Fmedia&parent=59"}],"curies":[{"name":"wp","href":"https:\/\/api.w.org\/{rel}","templated":true}]}}