{"id":57,"date":"2017-01-02T15:05:04","date_gmt":"2017-01-02T13:05:04","guid":{"rendered":"https:\/\/jukademo.wordpress.com\/?page_id=57"},"modified":"2026-01-15T18:55:03","modified_gmt":"2026-01-15T16:55:03","slug":"ausbildung","status":"publish","type":"page","link":"https:\/\/jugendkapelle-grossenseebach.de\/?page_id=57","title":{"rendered":"Instrumentenausbildung"},"content":{"rendered":"<p style=\"text-align: justify;\">Die wichtigste S\u00e4ule der Jugendkapelle stellt die musikalische Ausbildung auf den verschiedenen Instrumenten dar. Qualifizierte Ausbilder sorgen f\u00fcr ein fundiertes Erlernen des jeweiligen Instruments.<\/p>\n<table style=\"height: 234px;\" width=\"506\">\n<tbody>\n<tr>\n<td width=\"158\">Querfl\u00f6te<\/td>\n<td width=\"227\">Martina Thomann<\/td>\n<\/tr>\n<tr>\n<td width=\"158\">Klarinette &amp; Saxophon<\/td>\n<td width=\"227\">Vivien Gumbert, Daniela Seeberger<\/td>\n<\/tr>\n<tr>\n<td width=\"158\">Hohes Blech<\/td>\n<td width=\"227\">Thilo Krapf<\/td>\n<\/tr>\n<tr>\n<td width=\"158\">Tiefes Blech<\/td>\n<td width=\"227\">Ingo K\u00fcrten<\/td>\n<\/tr>\n<tr>\n<td width=\"158\">Schlagzeug<\/td>\n<td width=\"227\">Stefan Jung<\/td>\n<\/tr>\n<\/tbody>\n<\/table>\n<p style=\"text-align: justify;\">Die Ausbildung im Einzel- oder Gruppenunterricht ist die erste Stufe.\u00a0 Nach Erwerb der Grundf\u00e4higkeiten am Instrument k\u00f6nnen die Sch\u00fclerInnen im Nachwuchs- und schlie\u00dflich im Hauptorchester mitspielen. In der Instrumentenausbildung k\u00f6nnen die Jungmusikerleistungsabzeichen des Nordbayerischen Musikbundes erworben werden.<\/p>\n<p>Hier geht&#8217;s zum <a href=\"http:\/\/jugendkapelle-grossenseebach.de\/wp-content\/uploads\/2020\/04\/Aufnahmeantrag-mit-Mandat-2020.pdf\" target=\"_blank\" rel=\"noopener noreferrer\">Anmeldeformular<\/a><\/p>\n<h5>Informationen zur Instrumentenausbildung<\/h5>\n<h6>Welche Instrumente kann man bei der Jugendkapelle erlernen?<\/h6>\n<p>Querfl\u00f6te, Klarinette, Saxophon, Trompete\/Fl\u00fcgelhorn, Waldhorn,<\/p>\n<p>Tenorhorn\/Bariton, Posaune, Tuba, Schlagzeug<\/p>\n<h6>Was kostet der Unterricht?<\/h6>\n<p>Die Ausbildungsgeb\u00fchr ist direkt an den jeweiligen Musiklehrer\/in zu \u00fcberweisen. Die aktuelle <a href=\"https:\/\/jugendkapelle-grossenseebach.de\/wp-content\/uploads\/2026\/01\/Gebuehrenordnung_Juka_Stand_01_2026.pdf\">Geb\u00fchrenordnung<\/a> kann direkt eingesehen werden.<\/p>\n<p>Bei einer Familie mit drei Kindern in Instrumentenausbildung wird der Beitrag ab dem dritten Kind um 50 % erm\u00e4ssigt.<\/p>\n<p>Die Eltern zahlen einen F\u00f6rderbeitrag von 20,- \u20ac im Jahr.<\/p>\n<p>Der Beitrag f\u00fcr die Kinderkurse betr\u00e4gt durchg\u00e4ngig monatlich im Schuljahr 30,- \u20ac.<\/p>\n<h6>Muss ich mir gleich ein Instrument kaufen?<\/h6>\n<p style=\"text-align: justify;\">Es gibt die M\u00f6glichkeit f\u00fcr die Anfangsphase bei den verschiedenen Musikgesch\u00e4ften ein Instrument gegen Leihgeb\u00fchr f\u00fcr eine bestimmte Zeit (meist drei bis maximal sechs Monate) auszuleihen. Die Leihgeb\u00fchr wird in der Regel bei der Kaufentscheidung auf den Kaufpreis angerechnet. Die Jugendkapelle selbst verf\u00fcgt nur \u00fcber einige wenige Leihinstrumente im Blechbereich.<\/p>\n<h6>Wann und wo findet der Unterricht statt?<\/h6>\n<p style=\"text-align: justify;\">Der Instrumentenunterricht findet einmal w\u00f6chentlich am Nachmittag in den Prober\u00e4umen der Jugendkapelle unter dem Kindergarten in Gro\u00dfenseebach, Schulstr. 15, statt. Die Unterrichtszeit betr\u00e4gt im Einzelunterricht 30 Minuten. In den Schulferien sind ebenfalls Ferien.<\/p>\n<h6>Wann kann ich im Orchester mitspielen?<\/h6>\n<p style=\"text-align: justify;\">Zu Ausbildungsbeginn erhalten alle Sch\u00fclerInnen Einzelunterricht und ggf. Gruppenunterricht vom jeweiligen Musiklehrer. Ab dem Erreichen von Grundkenntnissen kann das Kind am Nachwuchsorchester teilnehmen.<\/p>\n<p style=\"text-align: justify;\">Die Proben des Nachwuchsorchesters finden jeweils donnerstags von 18.00 bis 19.15 Uhr und des Hauptorchesters im Anschluss von 19.30 bis 21.30 Uhr im Probenraum statt.<\/p>\n","protected":false},"excerpt":{"rendered":"<p>Die wichtigste S\u00e4ule der Jugendkapelle stellt die musikalische Ausbildung auf den verschiedenen Instrumenten dar. Qualifizierte Ausbilder sorgen f\u00fcr ein fundiertes Erlernen des jeweiligen Instruments. Querfl\u00f6te Martina Thomann&hellip; <span class=\"read-more\"><a class=\"more-link\" href=\"https:\/\/jugendkapelle-grossenseebach.de\/?page_id=57\" rel=\"bookmark\"><span class=\"screen-reader-text\">&#8222;Instrumentenausbildung&#8220;<\/span> weiterlesen<\/a><\/span><\/p>\n","protected":false},"author":2,"featured_media":0,"parent":0,"menu_order":0,"comment_status":"closed","ping_status":"closed","template":"","meta":{"footnotes":""},"class_list":["post-57","page","type-page","status-publish","hentry"],"jetpack_sharing_enabled":false,"_links":{"self":[{"href":"https:\/\/jugendkapelle-grossenseebach.de\/index.php?rest_route=\/wp\/v2\/pages\/57"}],"collection":[{"href":"https:\/\/jugendkapelle-grossenseebach.de\/index.php?rest_route=\/wp\/v2\/pages"}],"about":[{"href":"https:\/\/jugendkapelle-grossenseebach.de\/index.php?rest_route=\/wp\/v2\/types\/page"}],"author":[{"embeddable":true,"href":"https:\/\/jugendkapelle-grossenseebach.de\/index.php?rest_route=\/wp\/v2\/users\/2"}],"replies":[{"embeddable":true,"href":"https:\/\/jugendkapelle-grossenseebach.de\/index.php?rest_route=%2Fwp%2Fv2%2Fcomments&post=57"}],"version-history":[{"count":9,"href":"https:\/\/jugendkapelle-grossenseebach.de\/index.php?rest_route=\/wp\/v2\/pages\/57\/revisions"}],"predecessor-version":[{"id":979,"href":"https:\/\/jugendkapelle-grossenseebach.de\/index.php?rest_route=\/wp\/v2\/pages\/57\/revisions\/979"}],"wp:attachment":[{"href":"https:\/\/jugendkapelle-grossenseebach.de\/index.php?rest_route=%2Fwp%2Fv2%2Fmedia&parent=57"}],"curies":[{"name":"wp","href":"https:\/\/api.w.org\/{rel}","templated":true}]}}