{"id":55,"date":"2017-01-02T15:04:39","date_gmt":"2017-01-02T13:04:39","guid":{"rendered":"https:\/\/jukademo.wordpress.com\/?page_id=55"},"modified":"2023-02-23T15:51:53","modified_gmt":"2023-02-23T13:51:53","slug":"orchester","status":"publish","type":"page","link":"https:\/\/jugendkapelle-grossenseebach.de\/?page_id=55","title":{"rendered":"Orchester"},"content":{"rendered":"<h2>Hauptorchester<\/h2>\n<p style=\"text-align: justify;\">In unserem Hauptorchester spielen derzeit ca. 25 aktive Musikerinnen und Musiker zusammen. Sofern man nicht als Quereinsteiger in das Orchester kommt, haben die Jugendlichen in der Regel zuvor im Vororchester musiziert. Mit Musikerinnen und Musikern in nahezu jedem Register ist das Hauptorchester sehr breit aufgestellt.<br \/>\nDie Leistungsstufe des Hauptorchesters ist die Mittelstufe, jedoch werden auch immer wieder St\u00fccke aus der Oberstufe einstudiert und ins Repertoire aufgenommen. Das Repertoire umfasst sowohl konzertante als auch traditionelle Blasmusik, moderne Blasmusik und Kirchenmusik.<br \/>\nDas Orchester erarbeitet Konzerte und bereichert viele Veranstaltungen in der Gemeinde Gro\u00dfenseebach und der Umgebung.<\/p>\n<p><img loading=\"lazy\" decoding=\"async\" class=\"aligncenter wp-image-630 size-full\" src=\"http:\/\/jugendkapelle-grossenseebach.de\/wp-content\/uploads\/2017\/01\/IMG_1901-Bearbeitet.jpg\" alt=\"\" width=\"1800\" height=\"1193\" srcset=\"https:\/\/jugendkapelle-grossenseebach.de\/wp-content\/uploads\/2017\/01\/IMG_1901-Bearbeitet.jpg 1800w, https:\/\/jugendkapelle-grossenseebach.de\/wp-content\/uploads\/2017\/01\/IMG_1901-Bearbeitet-300x199.jpg 300w, https:\/\/jugendkapelle-grossenseebach.de\/wp-content\/uploads\/2017\/01\/IMG_1901-Bearbeitet-768x509.jpg 768w, https:\/\/jugendkapelle-grossenseebach.de\/wp-content\/uploads\/2017\/01\/IMG_1901-Bearbeitet-1024x679.jpg 1024w, https:\/\/jugendkapelle-grossenseebach.de\/wp-content\/uploads\/2017\/01\/IMG_1901-Bearbeitet-302x200.jpg 302w\" sizes=\"(max-width: 1800px) 100vw, 1800px\" \/><\/p>\n<p>Die Probe findet donnerstags von 19:30 bis 21:30 Uhr in den Prober\u00e4umen der Jugendkapelle (Schulstr. 15, 91091 Gro\u00dfenseebach) unter der Leitung von Matthias Uri statt.<\/p>\n<p>&nbsp;<\/p>\n<p>&nbsp;<\/p>\n<h2>Vororchester<\/h2>\n<p>In unserem Vororchester spielen derzeit ca. 20 aktive Kinder und Jugendliche zusammen. Das Vororchester ist f\u00fcr die Musikinnen und Musiker ein wichtiger Schritt in Richtung Hauptorchester. Die erlernten Kenntnisse aus dem Juniororchester werden im Vororchester vertieft und erweitert. Auch auf die Ausbildung in Bereichen der allgemeinen Musiktheorie und der Geh\u00f6rbildung wird sehr viel Wert gelegt. Mit dieser Grundlage werden bei allen Jugendlichen die Weichen in Richtung Hauptorchester gestellt.<br \/>\nDie Leistungsstufe des Vororchesters ist die Anf\u00e4nger- und Unterstufe. Das Repertoire umfasst konzertante Blasmusik mit Werken z.B. aus der \u201eeXplora\u201c-Serie von Rundel, aber auch viele moderne Pop-Songs, speziell f\u00fcr Anf\u00e4ngerorchester arrangiert.<br \/>\nDas Vororchester tritt jeweils an unserem Fr\u00fchjahrs- und Herbstkonzert auf.<\/p>\n<p style=\"text-align: justify;\"><img loading=\"lazy\" decoding=\"async\" class=\"aligncenter size-full wp-image-823\" src=\"http:\/\/jugendkapelle-grossenseebach.de\/wp-content\/uploads\/2017\/01\/IMG_5113.jpg\" alt=\"\" width=\"1200\" height=\"800\" srcset=\"https:\/\/jugendkapelle-grossenseebach.de\/wp-content\/uploads\/2017\/01\/IMG_5113.jpg 1200w, https:\/\/jugendkapelle-grossenseebach.de\/wp-content\/uploads\/2017\/01\/IMG_5113-300x200.jpg 300w, https:\/\/jugendkapelle-grossenseebach.de\/wp-content\/uploads\/2017\/01\/IMG_5113-768x512.jpg 768w, https:\/\/jugendkapelle-grossenseebach.de\/wp-content\/uploads\/2017\/01\/IMG_5113-1024x683.jpg 1024w\" sizes=\"(max-width: 1200px) 100vw, 1200px\" \/><\/p>\n<p>Die Probe findet donnerstags von 18:00 bis 19:15 Uhr in den Prober\u00e4umen der Jugendkapelle (Schulstr. 15, 91091 Gro\u00dfenseebach) unter der Leitung von Michael Schmidt statt.<\/p>\n<p>&nbsp;<\/p>\n<p>&nbsp;<\/p>\n<h2>Juniororchester<\/h2>\n<p>Im September 2017 haben wir das Projekt \u201eJuniororchester\u201c gestartet. Das Juniororchester bietet allen Instrumentalsch\u00fclern, die mit der Ausbildung neu begonnen haben, die M\u00f6glichkeit, zusammen mit anderen Kindern zu musizieren. Im Juniororchester sammeln unsere jungen Musiker ihre ersten Orchestererfahrungen.<br \/>\nEs werden die grundlegendsten Kenntnisse in verschiedensten Bereichen der Blasmusik vermittelt. Wo sitze ich im Orchester? Was bedeutet das Dirigat? Worauf muss ich achten wenn ich mit anderen zusammen musiziere? Diese und viele weitere Fragen werden hier beantwortet.<br \/>\nDie Leistungsstufe des Juniororchesters ist die Einstiegsstufe, welche sich auf der Ebene der Bl\u00e4serklasse bewegt. Aus diesem Resort werden entsprechende St\u00fccke f\u00fcr das Repertoire ausgew\u00e4hlt.<\/p>\n<p>Ein neues Juniororchester wird mit den Anf\u00e4nger\/innen im Fr\u00fchjahr 2021 starten.<\/p>\n<p><a href=\"http:\/\/jugendkapelle-grossenseebach.de\/wp-content\/uploads\/2017\/01\/IMG_9819-2.jpg\"><img loading=\"lazy\" decoding=\"async\" class=\"aligncenter size-full wp-image-519\" src=\"http:\/\/jugendkapelle-grossenseebach.de\/wp-content\/uploads\/2017\/01\/IMG_9819-2.jpg\" alt=\"\" width=\"1200\" height=\"800\" srcset=\"https:\/\/jugendkapelle-grossenseebach.de\/wp-content\/uploads\/2017\/01\/IMG_9819-2.jpg 1200w, https:\/\/jugendkapelle-grossenseebach.de\/wp-content\/uploads\/2017\/01\/IMG_9819-2-300x200.jpg 300w, https:\/\/jugendkapelle-grossenseebach.de\/wp-content\/uploads\/2017\/01\/IMG_9819-2-768x512.jpg 768w, https:\/\/jugendkapelle-grossenseebach.de\/wp-content\/uploads\/2017\/01\/IMG_9819-2-1024x683.jpg 1024w\" sizes=\"(max-width: 1200px) 100vw, 1200px\" \/><\/a><\/p>\n<p>Die Probe findet donnerstags von 17:00 bis 17:45 Uhr in den Prober\u00e4umen der Jugendkapelle (Schulstr. 15, 91091 Gro\u00dfenseebach) unter der Leitung von Michael Schmidt statt.<\/p>\n<p>&nbsp;<\/p>\n<h2>Bl\u00e4serteam<\/h2>\n<p>Das Bl\u00e4serteam ist eine Unterrichtsform, in der jede Sch\u00fclerin und jeder Sch\u00fcler ein Instrument systematisch\u00a0erlernt und dabei von Anfang an in einer Gemeinschaft musiziert. Die FFW Jugendkapelle Gro\u00dfenseebach m\u00f6chte\u00a0damit besonders den Nachwuchs im Bereich \u201eBlechblasinstrumente\u201c f\u00f6rdern und unterst\u00fctzen. Das gemeinsame\u00a0Musizieren soll den Kindern Freude bereiten und beim Erlernen eines Instrumentes helfen sowie den sp\u00e4teren\u00a0\u00dcbergang in unsere Orchester erleichtern.\u00a0Das Bl\u00e4serteam beginnt in der Regel in der 3. Klasse und endet nach der 4. Klasse. Diese Klassenstufen eignen sich am\u00a0besten f\u00fcr das Zusammenspiel der Kinder. Im Anschluss an das Bl\u00e4serteam (also nach den 2 Jahren) k\u00f6nnen die Kinder\u00a0weiter Unterricht im Verein nehmen (Lehrer bleibt gleich) und in das Juniororchester (immer donnerstagnachmittags)\u00a0wechseln.<\/p>\n<p><img loading=\"lazy\" decoding=\"async\" class=\"aligncenter  wp-image-891\" src=\"http:\/\/jugendkapelle-grossenseebach.de\/wp-content\/uploads\/2023\/02\/Bl\u00e4serteam.jpg\" alt=\"\" width=\"1209\" height=\"680\" srcset=\"https:\/\/jugendkapelle-grossenseebach.de\/wp-content\/uploads\/2023\/02\/Bl\u00e4serteam.jpg 4000w, https:\/\/jugendkapelle-grossenseebach.de\/wp-content\/uploads\/2023\/02\/Bl\u00e4serteam-300x169.jpg 300w, https:\/\/jugendkapelle-grossenseebach.de\/wp-content\/uploads\/2023\/02\/Bl\u00e4serteam-768x432.jpg 768w, https:\/\/jugendkapelle-grossenseebach.de\/wp-content\/uploads\/2023\/02\/Bl\u00e4serteam-1024x576.jpg 1024w, https:\/\/jugendkapelle-grossenseebach.de\/wp-content\/uploads\/2023\/02\/Bl\u00e4serteam-356x200.jpg 356w\" sizes=\"(max-width: 1209px) 100vw, 1209px\" \/><\/p>\n<p>Die Probe findet mittwochs von 14:00 bis 14:45 Uhr im Musikzimmer der Grundschule Hannberg unter der Leitung von Ingo K\u00fcrten\u00a0statt.<\/p>\n","protected":false},"excerpt":{"rendered":"<p>Hauptorchester In unserem Hauptorchester spielen derzeit ca. 25 aktive Musikerinnen und Musiker zusammen. Sofern man nicht als Quereinsteiger in das Orchester kommt, haben die Jugendlichen in der&hellip; <span class=\"read-more\"><a class=\"more-link\" href=\"https:\/\/jugendkapelle-grossenseebach.de\/?page_id=55\" rel=\"bookmark\"><span class=\"screen-reader-text\">&#8222;Orchester&#8220;<\/span> weiterlesen<\/a><\/span><\/p>\n","protected":false},"author":2,"featured_media":0,"parent":45,"menu_order":0,"comment_status":"closed","ping_status":"closed","template":"","meta":{"footnotes":""},"class_list":["post-55","page","type-page","status-publish","hentry"],"jetpack_sharing_enabled":false,"_links":{"self":[{"href":"https:\/\/jugendkapelle-grossenseebach.de\/index.php?rest_route=\/wp\/v2\/pages\/55"}],"collection":[{"href":"https:\/\/jugendkapelle-grossenseebach.de\/index.php?rest_route=\/wp\/v2\/pages"}],"about":[{"href":"https:\/\/jugendkapelle-grossenseebach.de\/index.php?rest_route=\/wp\/v2\/types\/page"}],"author":[{"embeddable":true,"href":"https:\/\/jugendkapelle-grossenseebach.de\/index.php?rest_route=\/wp\/v2\/users\/2"}],"replies":[{"embeddable":true,"href":"https:\/\/jugendkapelle-grossenseebach.de\/index.php?rest_route=%2Fwp%2Fv2%2Fcomments&post=55"}],"version-history":[{"count":23,"href":"https:\/\/jugendkapelle-grossenseebach.de\/index.php?rest_route=\/wp\/v2\/pages\/55\/revisions"}],"predecessor-version":[{"id":934,"href":"https:\/\/jugendkapelle-grossenseebach.de\/index.php?rest_route=\/wp\/v2\/pages\/55\/revisions\/934"}],"up":[{"embeddable":true,"href":"https:\/\/jugendkapelle-grossenseebach.de\/index.php?rest_route=\/wp\/v2\/pages\/45"}],"wp:attachment":[{"href":"https:\/\/jugendkapelle-grossenseebach.de\/index.php?rest_route=%2Fwp%2Fv2%2Fmedia&parent=55"}],"curies":[{"name":"wp","href":"https:\/\/api.w.org\/{rel}","templated":true}]}}