{"id":53,"date":"2017-01-02T15:04:19","date_gmt":"2017-01-02T13:04:19","guid":{"rendered":"https:\/\/jukademo.wordpress.com\/?page_id=53"},"modified":"2026-01-15T18:36:31","modified_gmt":"2026-01-15T16:36:31","slug":"vereinsfuehrung","status":"publish","type":"page","link":"https:\/\/jugendkapelle-grossenseebach.de\/?page_id=53","title":{"rendered":"Vereinsf\u00fchrung"},"content":{"rendered":"<p>Die gew\u00e4hlten Verantwortlichen in der Vorstandschaft hei\u00dfen:<\/p>\n<table style=\"height: 184px;\" width=\"431\">\n<tbody>\n<tr>\n<td width=\"307\">1. Vorsitzende<br \/>\n2. Vorsitzender<br \/>\nKassier<br \/>\nSchriftf\u00fchrer<br \/>\nBeisitzer<br \/>\nJugendvorstand<\/td>\n<td width=\"307\">Sandra Ebersberger<br \/>\nKarolin Katona<br \/>\nMartin Weiser<br \/>\nMaria Beck<br \/>\nGerhard Leipold<br \/>\nSteffi Schickert<\/td>\n<\/tr>\n<\/tbody>\n<\/table>\n<div class=\"mceTemp\"><\/div>\n","protected":false},"excerpt":{"rendered":"<p>Die gew\u00e4hlten Verantwortlichen in der Vorstandschaft hei\u00dfen: 1. Vorsitzende 2. Vorsitzender Kassier Schriftf\u00fchrer Beisitzer Jugendvorstand Sandra Ebersberger Karolin Katona Martin Weiser Maria Beck Gerhard Leipold Steffi Schickert<\/p>\n","protected":false},"author":2,"featured_media":0,"parent":0,"menu_order":0,"comment_status":"closed","ping_status":"closed","template":"","meta":{"footnotes":""},"class_list":["post-53","page","type-page","status-publish","hentry"],"jetpack_sharing_enabled":false,"_links":{"self":[{"href":"https:\/\/jugendkapelle-grossenseebach.de\/index.php?rest_route=\/wp\/v2\/pages\/53"}],"collection":[{"href":"https:\/\/jugendkapelle-grossenseebach.de\/index.php?rest_route=\/wp\/v2\/pages"}],"about":[{"href":"https:\/\/jugendkapelle-grossenseebach.de\/index.php?rest_route=\/wp\/v2\/types\/page"}],"author":[{"embeddable":true,"href":"https:\/\/jugendkapelle-grossenseebach.de\/index.php?rest_route=\/wp\/v2\/users\/2"}],"replies":[{"embeddable":true,"href":"https:\/\/jugendkapelle-grossenseebach.de\/index.php?rest_route=%2Fwp%2Fv2%2Fcomments&post=53"}],"version-history":[{"count":5,"href":"https:\/\/jugendkapelle-grossenseebach.de\/index.php?rest_route=\/wp\/v2\/pages\/53\/revisions"}],"predecessor-version":[{"id":967,"href":"https:\/\/jugendkapelle-grossenseebach.de\/index.php?rest_route=\/wp\/v2\/pages\/53\/revisions\/967"}],"wp:attachment":[{"href":"https:\/\/jugendkapelle-grossenseebach.de\/index.php?rest_route=%2Fwp%2Fv2%2Fmedia&parent=53"}],"curies":[{"name":"wp","href":"https:\/\/api.w.org\/{rel}","templated":true}]}}