{"id":45,"date":"2017-01-02T15:00:44","date_gmt":"2017-01-02T13:00:44","guid":{"rendered":"https:\/\/jukademo.wordpress.com\/?page_id=45"},"modified":"2021-01-04T18:18:31","modified_gmt":"2021-01-04T16:18:31","slug":"kontaktimpressum","status":"publish","type":"page","link":"https:\/\/jugendkapelle-grossenseebach.de\/?page_id=45","title":{"rendered":"Kontakt"},"content":{"rendered":"<p style=\"text-align: justify;\"><img loading=\"lazy\" decoding=\"async\" class=\"aligncenter wp-image-285 size-full\" src=\"http:\/\/jugendkapelle-grossenseebach.de\/wp-content\/uploads\/2017\/01\/logo-ffw-jugendkapelle-groc39fenseebach_background-homepage.png\" alt=\"\" width=\"267\" height=\"176\" \/><\/p>\n<p>&nbsp;<\/p>\n<p>Probenr\u00e4ume:<br \/>\nJugendkapelle Gro\u00dfenseebach e. V.<br \/>\nSchulstr. 15<br \/>\n91091 Gro\u00dfenseebach<\/p>\n<p>-keine Postadresse!-<\/p>\n<p>&nbsp;<\/p>\n<p>&nbsp;<\/p>\n<h5>Vertretungsberechtigter Vorstand:<\/h5>\n<p>Sandra Ebersberger<br \/>\nReinersdorfer Str. 3<br \/>\n91085 Weisendorf<br \/>\ne-Mail:\u00a0<span class=\"gI\">jugendkapellegsb@yahoo.de<\/span><\/p>\n<p>&nbsp;<\/p>\n","protected":false},"excerpt":{"rendered":"<p>&nbsp; Probenr\u00e4ume: Jugendkapelle Gro\u00dfenseebach e. V. Schulstr. 15 91091 Gro\u00dfenseebach -keine Postadresse!- &nbsp; &nbsp; Vertretungsberechtigter Vorstand: Sandra Ebersberger Reinersdorfer Str. 3 91085 Weisendorf e-Mail:\u00a0jugendkapellegsb@yahoo.de &nbsp;<\/p>\n","protected":false},"author":2,"featured_media":0,"parent":0,"menu_order":0,"comment_status":"closed","ping_status":"closed","template":"","meta":{"footnotes":""},"class_list":["post-45","page","type-page","status-publish","hentry"],"jetpack_sharing_enabled":false,"_links":{"self":[{"href":"https:\/\/jugendkapelle-grossenseebach.de\/index.php?rest_route=\/wp\/v2\/pages\/45"}],"collection":[{"href":"https:\/\/jugendkapelle-grossenseebach.de\/index.php?rest_route=\/wp\/v2\/pages"}],"about":[{"href":"https:\/\/jugendkapelle-grossenseebach.de\/index.php?rest_route=\/wp\/v2\/types\/page"}],"author":[{"embeddable":true,"href":"https:\/\/jugendkapelle-grossenseebach.de\/index.php?rest_route=\/wp\/v2\/users\/2"}],"replies":[{"embeddable":true,"href":"https:\/\/jugendkapelle-grossenseebach.de\/index.php?rest_route=%2Fwp%2Fv2%2Fcomments&post=45"}],"version-history":[{"count":6,"href":"https:\/\/jugendkapelle-grossenseebach.de\/index.php?rest_route=\/wp\/v2\/pages\/45\/revisions"}],"predecessor-version":[{"id":820,"href":"https:\/\/jugendkapelle-grossenseebach.de\/index.php?rest_route=\/wp\/v2\/pages\/45\/revisions\/820"}],"wp:attachment":[{"href":"https:\/\/jugendkapelle-grossenseebach.de\/index.php?rest_route=%2Fwp%2Fv2%2Fmedia&parent=45"}],"curies":[{"name":"wp","href":"https:\/\/api.w.org\/{rel}","templated":true}]}}