{"id":293,"date":"2017-01-18T21:18:31","date_gmt":"2017-01-18T20:18:31","guid":{"rendered":"https:\/\/jukademo.wordpress.com\/?page_id=293"},"modified":"2017-09-27T20:37:27","modified_gmt":"2017-09-27T18:37:27","slug":"ueber-uns","status":"publish","type":"page","link":"https:\/\/jugendkapelle-grossenseebach.de\/?page_id=293","title":{"rendered":"\u00dcber uns"},"content":{"rendered":"<h6>Ein kleiner R\u00fcckblick auf die Vereinsgeschichte\u2026<\/h6>\n<p style=\"text-align: justify;\">Die Jugendkapelle wurde 1978 als eigenst\u00e4ndige Abteilung der Freiwilligen Feuerwehr Gro\u00dfenseebach e.V. gegr\u00fcndet. Die Gr\u00fcndung erfolgte auf die Initiative des damaligen 1. Vorsitzenden der Feuerwehr, Albin Singer, der die Jugendkapelle als Vorsitzender der Abteilung von 1978 bis 2000 f\u00fchrte.<\/p>\n<p style=\"text-align: justify;\">Die musikalischen Wurzeln der Jugendkapelle reichen jedoch noch sehr viel weiter zur\u00fcck. Die Blasmusiktradition in Gro\u00dfenseebach l\u00e4sst sich bis in die zweite H\u00e4lfte des 19. Jahrhunderts zur\u00fcckverfolgen.<\/p>\n<p style=\"text-align: justify;\">Eng verbunden ist damit die Musikerfamilie K\u00f6rner, deren Nachkommen ma\u00dfgeblich an der Gr\u00fcndung der Jugendkapelle beteiligt waren. Im Jahr 2000 wurde die Jugendkapelle mit der PRO MUSICA \u2013 Plakette f\u00fcr \u00fcber hundert Jahre Blasmusiktradition in Gro\u00dfenseebach ausgezeichnet.<\/p>\n<p style=\"text-align: justify;\">Die Kapelle trat im Jahr 1980 dem Nordbayerischen Musikbund bei. Seitdem beteiligt sie sich an den Wertungsspielen des Musikbundes und es legten zahlreiche NachwuchsmusikerInnen die Jungmusiker-Leistungabzeichen des NBMB ab.<\/p>\n<p style=\"text-align: justify;\">Die Jugendkapelle pr\u00e4sentiert sich bei ihren Auftritten seit 1990 in ihrer Uniform aus roten Westen und Jacken, die das Wappen der Gemeinde Gro\u00dfenseebach tragen. Das musikalische Repertoire umfasst Unterhaltungsmusik, Kirchenmusik und konzertante moderne Blasmusik von Pop bis Klassik. Zu den allj\u00e4hrlichen Auftritten geh\u00f6ren die Umrahmung vieler gemeindlicher und kirchlicher Feste im ganzen Seebachgrund und dar\u00fcber hinaus, ein Fr\u00fchjahrskonzert sowie besonders als H\u00f6hepunkt des Jahres das Herbstkonzert.<\/p>\n<p style=\"text-align: justify;\">Besonderer Schwerpunkt der Vereinsaktivit\u00e4ten liegt in der Jugendarbeit. Die Jugendkapelle bietet Instrumentenausbildung von den verschiedensten Blech- und Holzblasinstrumenten sowie Schlagzeug an. In Nachwuchs- und Hauptorchester kann das Erlernte dann umgesetzt werden. Die Freude am Musizieren und am gemeinsamen Miteinander stehen im Mittelpunkt der Vereinsarbeit, weshalb es auch zahlreiche gesellige Aktivit\u00e4ten, wie Fahrradtour, Vereinsausflug, Weihnachtsfeier etc. gibt.<\/p>\n<h6 style=\"text-align: justify;\">Mitglieder<\/h6>\n<p style=\"text-align: justify;\">Bei der Gr\u00fcndungsversammlung 1978 begann die Musikkapelle mit 19 MusikerInnen.<\/p>\n<p style=\"text-align: justify;\">Mittlerweile z\u00e4hlt der Verein insgesamt ca. 200 Mitglieder. Diese gliedern sich in F\u00f6rdermitglieder, Passive und Aktive. Von den aktiven MusikerInnen befinden sich etwa 50 in der Instrumentenausbildung der Jugendkapelle. Au\u00dferdem werden verschiedene Kinderkurse zur musikalischen Fr\u00fchf\u00f6rderung angeboten.<\/p>\n<p style=\"text-align: justify;\"><a href=\"http:\/\/jugendkapelle-grossenseebach.de\/wp-content\/uploads\/2017\/01\/prc3a4sentation1neu.png\"><img loading=\"lazy\" decoding=\"async\" class=\"aligncenter wp-image-332 \" src=\"http:\/\/jugendkapelle-grossenseebach.de\/wp-content\/uploads\/2017\/01\/prc3a4sentation1neu.png\" alt=\"\" width=\"353\" height=\"265\" srcset=\"https:\/\/jugendkapelle-grossenseebach.de\/wp-content\/uploads\/2017\/01\/prc3a4sentation1neu.png 960w, https:\/\/jugendkapelle-grossenseebach.de\/wp-content\/uploads\/2017\/01\/prc3a4sentation1neu-300x225.png 300w, https:\/\/jugendkapelle-grossenseebach.de\/wp-content\/uploads\/2017\/01\/prc3a4sentation1neu-768x576.png 768w\" sizes=\"(max-width: 353px) 100vw, 353px\" \/><\/a><\/p>\n<p style=\"text-align: justify;\">Fast zwei Drittel aller aktiven Mitglieder sind unter 18 Jahren. Im Haupt- und Nachwuchsorchester spielen derzeit insgesamt ca. 50 Musikerinnen und Musiker.<\/p>\n<p style=\"text-align: justify;\"><img loading=\"lazy\" decoding=\"async\" class=\"aligncenter wp-image-285 size-thumbnail\" src=\"https:\/\/jugendkapelle-grossenseebach.de\/wp-content\/uploads\/2017\/01\/logo-ffw-jugendkapelle-groc39fenseebach_background-homepage.png?w=150\" alt=\"logo-ffw-jugendkapelle-grossenseebach_background-homepage\" width=\"150\" height=\"99\" \/><\/p>\n","protected":false},"excerpt":{"rendered":"<p>Ein kleiner R\u00fcckblick auf die Vereinsgeschichte\u2026 Die Jugendkapelle wurde 1978 als eigenst\u00e4ndige Abteilung der Freiwilligen Feuerwehr Gro\u00dfenseebach e.V. gegr\u00fcndet. Die Gr\u00fcndung erfolgte auf die Initiative des damaligen&hellip; <span class=\"read-more\"><a class=\"more-link\" href=\"https:\/\/jugendkapelle-grossenseebach.de\/?page_id=293\" rel=\"bookmark\"><span class=\"screen-reader-text\">&#8222;\u00dcber uns&#8220;<\/span> weiterlesen<\/a><\/span><\/p>\n","protected":false},"author":2,"featured_media":0,"parent":0,"menu_order":0,"comment_status":"closed","ping_status":"closed","template":"","meta":{"footnotes":""},"class_list":["post-293","page","type-page","status-publish","hentry"],"jetpack_sharing_enabled":false,"_links":{"self":[{"href":"https:\/\/jugendkapelle-grossenseebach.de\/index.php?rest_route=\/wp\/v2\/pages\/293"}],"collection":[{"href":"https:\/\/jugendkapelle-grossenseebach.de\/index.php?rest_route=\/wp\/v2\/pages"}],"about":[{"href":"https:\/\/jugendkapelle-grossenseebach.de\/index.php?rest_route=\/wp\/v2\/types\/page"}],"author":[{"embeddable":true,"href":"https:\/\/jugendkapelle-grossenseebach.de\/index.php?rest_route=\/wp\/v2\/users\/2"}],"replies":[{"embeddable":true,"href":"https:\/\/jugendkapelle-grossenseebach.de\/index.php?rest_route=%2Fwp%2Fv2%2Fcomments&post=293"}],"version-history":[{"count":1,"href":"https:\/\/jugendkapelle-grossenseebach.de\/index.php?rest_route=\/wp\/v2\/pages\/293\/revisions"}],"predecessor-version":[{"id":493,"href":"https:\/\/jugendkapelle-grossenseebach.de\/index.php?rest_route=\/wp\/v2\/pages\/293\/revisions\/493"}],"wp:attachment":[{"href":"https:\/\/jugendkapelle-grossenseebach.de\/index.php?rest_route=%2Fwp%2Fv2%2Fmedia&parent=293"}],"curies":[{"name":"wp","href":"https:\/\/api.w.org\/{rel}","templated":true}]}}