{"id":189,"date":"2017-01-03T21:10:04","date_gmt":"2017-01-03T19:10:04","guid":{"rendered":"https:\/\/jukademo.wordpress.com\/?page_id=189"},"modified":"2026-01-15T18:42:03","modified_gmt":"2026-01-15T16:42:03","slug":"links-2","status":"publish","type":"page","link":"https:\/\/jugendkapelle-grossenseebach.de\/?page_id=189","title":{"rendered":"Links &#038; Downloads"},"content":{"rendered":"<h6>Downloads<\/h6>\n<p><a href=\"http:\/\/jugendkapelle-grossenseebach.de\/wp-content\/uploads\/2023\/07\/Aufnahmeantrag-mit-Mandat-2023.pdf\">Aufnahmeantrag<\/a>\u00a0Instrumentenausbildung,\u00a0 aktive Mitgliedschaft,\u00a0F\u00f6rdermitgliedschaft<\/p>\n<p>Aktuelle\u00a0<a href=\"http:\/\/jugendkapelle-grossenseebach.de\/wp-content\/uploads\/2026\/01\/Gebuehrenordnung_Juka_Stand_01_2026.pdf\">Geb\u00fchrenordnung<\/a><\/p>\n<h6>\u00a0Links<\/h6>\n<p><em>Juka &amp; Co. in Gro\u00dfenseebach:<\/em><\/p>\n<p><a href=\"http:\/\/www.grossenseebach.de\/\" target=\"_blank\" rel=\"noopener noreferrer\">Gemeinde Gro\u00dfenseebach<br \/>\n<\/a><a href=\"http:\/\/www.feuerwehr-grossenseebach.de\/\" target=\"_blank\" rel=\"noopener noreferrer\">Feuerwehr Gro\u00dfenseebach<br \/>\n<\/a><a href=\"http:\/\/www.gsbh.info\/\" target=\"_blank\" rel=\"noopener noreferrer\">Gro\u00dfenseebacher Herbst<br \/>\n<\/a><a href=\"http:\/\/www.fsv-grossenseebach.de\/\" target=\"_blank\" rel=\"noopener noreferrer\">FSV Gro\u00dfenseebach<br \/>\n<\/a><a href=\"http:\/\/www.pfarrei-hannberg.de\/\" target=\"_blank\" rel=\"noopener noreferrer\">Pfarrei Hannberg<\/a><\/p>\n<p><em>Musik und Instrumente:<\/em><\/p>\n<p><a href=\"http:\/\/www.nbmb-online.de\/\" target=\"_blank\" rel=\"noopener noreferrer\">Nordbayerischer Musikbund e.V.<br \/>\n<\/a><a href=\"https:\/\/www.thomann.de\/\" target=\"_blank\" rel=\"noopener noreferrer\">Musikhaus Thomann<br \/>\n<\/a><a href=\"http:\/\/www.musik-klier.de\/\" target=\"_blank\" rel=\"noopener noreferrer\">Musik Klier<\/a><\/p>\n","protected":false},"excerpt":{"rendered":"<p>Downloads Aufnahmeantrag\u00a0Instrumentenausbildung,\u00a0 aktive Mitgliedschaft,\u00a0F\u00f6rdermitgliedschaft Aktuelle\u00a0Geb\u00fchrenordnung \u00a0Links Juka &amp; Co. in Gro\u00dfenseebach: Gemeinde Gro\u00dfenseebach Feuerwehr Gro\u00dfenseebach Gro\u00dfenseebacher Herbst FSV Gro\u00dfenseebach Pfarrei Hannberg Musik und Instrumente: Nordbayerischer Musikbund e.V.&hellip; <span class=\"read-more\"><a class=\"more-link\" href=\"https:\/\/jugendkapelle-grossenseebach.de\/?page_id=189\" rel=\"bookmark\"><span class=\"screen-reader-text\">&#8222;Links &#038; Downloads&#8220;<\/span> weiterlesen<\/a><\/span><\/p>\n","protected":false},"author":2,"featured_media":0,"parent":0,"menu_order":0,"comment_status":"closed","ping_status":"closed","template":"","meta":{"footnotes":""},"class_list":["post-189","page","type-page","status-publish","hentry"],"jetpack_sharing_enabled":false,"_links":{"self":[{"href":"https:\/\/jugendkapelle-grossenseebach.de\/index.php?rest_route=\/wp\/v2\/pages\/189"}],"collection":[{"href":"https:\/\/jugendkapelle-grossenseebach.de\/index.php?rest_route=\/wp\/v2\/pages"}],"about":[{"href":"https:\/\/jugendkapelle-grossenseebach.de\/index.php?rest_route=\/wp\/v2\/types\/page"}],"author":[{"embeddable":true,"href":"https:\/\/jugendkapelle-grossenseebach.de\/index.php?rest_route=\/wp\/v2\/users\/2"}],"replies":[{"embeddable":true,"href":"https:\/\/jugendkapelle-grossenseebach.de\/index.php?rest_route=%2Fwp%2Fv2%2Fcomments&post=189"}],"version-history":[{"count":5,"href":"https:\/\/jugendkapelle-grossenseebach.de\/index.php?rest_route=\/wp\/v2\/pages\/189\/revisions"}],"predecessor-version":[{"id":971,"href":"https:\/\/jugendkapelle-grossenseebach.de\/index.php?rest_route=\/wp\/v2\/pages\/189\/revisions\/971"}],"wp:attachment":[{"href":"https:\/\/jugendkapelle-grossenseebach.de\/index.php?rest_route=%2Fwp%2Fv2%2Fmedia&parent=189"}],"curies":[{"name":"wp","href":"https:\/\/api.w.org\/{rel}","templated":true}]}}